{"id":65,"date":"2018-11-03T21:36:39","date_gmt":"2018-11-03T21:36:39","guid":{"rendered":"http:\/\/www.orionconectividad.com\/wp_orion\/?page_id=65"},"modified":"2018-11-06T21:25:46","modified_gmt":"2018-11-07T02:25:46","slug":"home","status":"publish","type":"page","link":"https:\/\/www.orionconectividad.com\/wp_orion\/","title":{"rendered":"Home"},"content":{"rendered":"<p style=\"text-align: center;\"><div id=\"metaslider-id-69\" style=\"width: 100%; margin: 0 auto;\" class=\"ml-slider-3-27-12 metaslider metaslider-flex metaslider-69 ml-slider ms-theme-highway has-dots-nav\">\n    <div id=\"metaslider_container_69\">\n        <div id=\"metaslider_69\">\n            <ul aria-live=\"polite\" class=\"slides\">\n                <li style=\"display: block; width: 100%;\" class=\"slide-72 ms-image\"><img src=\"https:\/\/www.orionconectividad.com\/wp_orion\/wp-content\/uploads\/2025\/06\/slider_2_2025.jpg\" height=\"300\" width=\"900\" alt=\"\" class=\"slider-69 slide-72\" title=\"slider_2_2025\" \/><\/li>\n                <li style=\"display: none; width: 100%;\" class=\"slide-73 ms-image\"><img src=\"https:\/\/www.orionconectividad.com\/wp_orion\/wp-content\/uploads\/2018\/11\/slider2.jpg\" height=\"300\" width=\"900\" alt=\"\" class=\"slider-69 slide-73\" title=\"slider2\" \/><\/li>\n                <li style=\"display: none; width: 100%;\" class=\"slide-74 ms-image\"><img src=\"https:\/\/www.orionconectividad.com\/wp_orion\/wp-content\/uploads\/2018\/11\/slider3.jpg\" height=\"300\" width=\"900\" alt=\"\" class=\"slider-69 slide-74\" title=\"slider3\" \/><\/li>\n                <li style=\"display: none; width: 100%;\" class=\"slide-149 ms-image\"><img src=\"https:\/\/www.orionconectividad.com\/wp_orion\/wp-content\/uploads\/2025\/06\/slider_1_2025-900x300.jpg\" height=\"300\" width=\"900\" alt=\"\" class=\"slider-69 slide-149\" title=\"slider_1_2025\" \/><\/li>\n            <\/ul>\n        <\/div>\n        \n    <\/div>\n<\/div><\/p>\n<table style=\"height: 375px;\" border=\"0\" width=\"1022\" align=\"center\">\n<tbody>\n<tr>\n<td><img loading=\"lazy\" class=\"aligncenter wp-image-142 size-full\" src=\"http:\/\/www.orionconectividad.com\/wp_orion\/wp-content\/uploads\/2018\/11\/Consultoria-150x150-v2-e1541538986507.jpg\" alt=\"\" width=\"100\" height=\"100\" \/><\/td>\n<td width=\"33%\"><img loading=\"lazy\" class=\"aligncenter wp-image-145 size-full\" src=\"http:\/\/www.orionconectividad.com\/wp_orion\/wp-content\/uploads\/2018\/11\/icono-desarrollo-software-150v2-e1541539025134.jpg\" alt=\"\" width=\"90\" height=\"100\" \/><\/td>\n<td><img loading=\"lazy\" class=\"aligncenter wp-image-146 size-full\" src=\"http:\/\/www.orionconectividad.com\/wp_orion\/wp-content\/uploads\/2018\/11\/equipo.jpg\" alt=\"\" width=\"100\" height=\"96\" \/><\/td>\n<\/tr>\n<tr>\n<td style=\"text-align: left;\" width=\"33%\"><strong>Consultor\u00eda Tecnol\u00f3gica<br \/>\n<\/strong>Ofrecemos \u00a0una \u00a0amplia variedad de servicios de consultor\u00eda tecnol\u00f3gica para organizaciones que busquen alcanzar el alto rendimiento.<br \/>\nCapacitado en las \u00faltimas tecnolog\u00edas de desarrollo y con certificaciones en el manejo de proyectos.<br \/>\n<a href=\"http:\/\/www.orionconectividad.com\/wp_orion\/?page_id=36\">Ver m\u00e1s<\/a><\/td>\n<td style=\"text-align: left;\" width=\"33%\"><strong>Desarrollos a la medida<br \/>\n<\/strong>Desarrollamos software a medida. Tenemos en cuenta todo el proceso desde la fase de consultor\u00eda previa al mantenimiento evolutivo del sistema pasando por el dise\u00f1o y la arquitectura, el desarrollo, la fase de pruebas, control de calidad, puesta en marcha y el soporte.<br \/>\n<a href=\"http:\/\/www.orionconectividad.com\/wp_orion\/?page_id=151\">Ver m\u00e1s<\/a><\/td>\n<td>\n<p style=\"text-align: left;\"><strong>Equipo<br \/>\n<\/strong>Contamos con un equipo de Ingenieros altamente calificados en consultor\u00eda, desarrollo de software y desarrollo de soluciones de hardware, que aportan a nuestros clientes proporcionando soluciones eficientes y econ\u00f3micas.<br \/>\n<a href=\"http:\/\/www.orionconectividad.com\/wp_orion\/?page_id=2\">Ver m\u00e1s<\/a><\/p>\n<\/td>\n<\/tr>\n<\/tbody>\n<\/table>\n<p>&nbsp;<\/p>\n","protected":false},"excerpt":{"rendered":"<p>Consultor\u00eda Tecnol\u00f3gica Ofrecemos \u00a0una \u00a0amplia variedad de servicios de consultor\u00eda tecnol\u00f3gica para organizaciones que busquen alcanzar el alto rendimiento. Capacitado en las \u00faltimas tecnolog\u00edas de desarrollo y con certificaciones en el manejo de proyectos. Ver m\u00e1s Desarrollos a la medida Desarrollamos software a medida. Tenemos en cuenta todo el proceso desde la fase de consultor\u00eda previa al mantenimiento evolutivo del sistema pasando por el dise\u00f1o y la arquitectura, el desarrollo, la fase de pruebas, control de calidad, puesta en marcha&hellip;<\/p>\n","protected":false},"author":1,"featured_media":0,"parent":0,"menu_order":0,"comment_status":"closed","ping_status":"closed","template":"","meta":{"content-type":""},"_links":{"self":[{"href":"https:\/\/www.orionconectividad.com\/wp_orion\/index.php?rest_route=\/wp\/v2\/pages\/65"}],"collection":[{"href":"https:\/\/www.orionconectividad.com\/wp_orion\/index.php?rest_route=\/wp\/v2\/pages"}],"about":[{"href":"https:\/\/www.orionconectividad.com\/wp_orion\/index.php?rest_route=\/wp\/v2\/types\/page"}],"author":[{"embeddable":true,"href":"https:\/\/www.orionconectividad.com\/wp_orion\/index.php?rest_route=\/wp\/v2\/users\/1"}],"replies":[{"embeddable":true,"href":"https:\/\/www.orionconectividad.com\/wp_orion\/index.php?rest_route=%2Fwp%2Fv2%2Fcomments&post=65"}],"version-history":[{"count":7,"href":"https:\/\/www.orionconectividad.com\/wp_orion\/index.php?rest_route=\/wp\/v2\/pages\/65\/revisions"}],"predecessor-version":[{"id":193,"href":"https:\/\/www.orionconectividad.com\/wp_orion\/index.php?rest_route=\/wp\/v2\/pages\/65\/revisions\/193"}],"wp:attachment":[{"href":"https:\/\/www.orionconectividad.com\/wp_orion\/index.php?rest_route=%2Fwp%2Fv2%2Fmedia&parent=65"}],"curies":[{"name":"wp","href":"https:\/\/api.w.org\/{rel}","templated":true}]}}