{"id":37,"date":"2018-11-03T20:35:52","date_gmt":"2018-11-03T20:35:52","guid":{"rendered":"http:\/\/www.orionconectividad.com\/wp_orion\/?page_id=37"},"modified":"2018-11-03T22:56:17","modified_gmt":"2018-11-04T03:56:17","slug":"iot","status":"publish","type":"page","link":"https:\/\/www.orionconectividad.com\/wp_orion\/?page_id=37","title":{"rendered":"IoT"},"content":{"rendered":"<table border=\"0\" width=\"200\">\n<tbody>\n<tr>\n<td>\n<h1 style=\"text-align: center;\">IoT transforma el mundo de las cosas<\/h1>\n<h1 style=\"text-align: center;\">en el mundo de la informaci\u00f3n.<\/h1>\n<p><a href=\"http:\/\/www.orionconectividad.com\/wp_orion\/wp-content\/uploads\/2018\/11\/iot.png\"><img loading=\"lazy\" class=\"aligncenter size-full wp-image-128\" src=\"http:\/\/www.orionconectividad.com\/wp_orion\/wp-content\/uploads\/2018\/11\/iot.png\" alt=\"\" width=\"600\" height=\"300\" srcset=\"https:\/\/www.orionconectividad.com\/wp_orion\/wp-content\/uploads\/2018\/11\/iot.png 600w, https:\/\/www.orionconectividad.com\/wp_orion\/wp-content\/uploads\/2018\/11\/iot-300x150.png 300w\" sizes=\"(max-width: 600px) 100vw, 600px\" \/><\/a><\/p>\n<h4 style=\"text-align: center;\">Internet of Things. Internet de las Cosas es un concepto<br \/>\n<span style=\"font-family: inherit;\">que se refiere a la interconexi\u00f3n digital de objetos<\/span><span style=\"font-family: inherit;\">cotidianos con internet para optimizar procesos.<\/span><span style=\"font-family: inherit;\"><br \/>\n<\/span><\/h4>\n<\/td>\n<td>&nbsp;<\/p>\n<p>&nbsp;<\/p>\n<p>&nbsp;<\/p>\n<p>&nbsp;<\/p>\n<p>&nbsp;<\/p>\n<p><a href=\"http:\/\/www.orionconectividad.com\/wp_orion\/wp-content\/uploads\/2018\/11\/logo5.png\"><img loading=\"lazy\" class=\"size-full wp-image-129 alignnone\" src=\"http:\/\/www.orionconectividad.com\/wp_orion\/wp-content\/uploads\/2018\/11\/logo5.png\" alt=\"\" width=\"210\" height=\"70\" \/><\/a><\/p>\n<p style=\"text-align: center;\">Para M\u00e1s informaci\u00f3n:<\/p>\n<p style=\"text-align: center;\"><a href=\"http:\/\/www.hito.net.co\">Hito Technology<\/a><\/p>\n<\/td>\n<\/tr>\n<\/tbody>\n<\/table>\n","protected":false},"excerpt":{"rendered":"<p>IoT transforma el mundo de las cosas en el mundo de la informaci\u00f3n. Internet of Things. Internet de las Cosas es un concepto que se refiere a la interconexi\u00f3n digital de objetoscotidianos con internet para optimizar procesos. &nbsp; &nbsp; &nbsp; &nbsp; &nbsp; Para M\u00e1s informaci\u00f3n: Hito Technology<\/p>\n","protected":false},"author":1,"featured_media":0,"parent":0,"menu_order":0,"comment_status":"closed","ping_status":"closed","template":"","meta":{"content-type":""},"_links":{"self":[{"href":"https:\/\/www.orionconectividad.com\/wp_orion\/index.php?rest_route=\/wp\/v2\/pages\/37"}],"collection":[{"href":"https:\/\/www.orionconectividad.com\/wp_orion\/index.php?rest_route=\/wp\/v2\/pages"}],"about":[{"href":"https:\/\/www.orionconectividad.com\/wp_orion\/index.php?rest_route=\/wp\/v2\/types\/page"}],"author":[{"embeddable":true,"href":"https:\/\/www.orionconectividad.com\/wp_orion\/index.php?rest_route=\/wp\/v2\/users\/1"}],"replies":[{"embeddable":true,"href":"https:\/\/www.orionconectividad.com\/wp_orion\/index.php?rest_route=%2Fwp%2Fv2%2Fcomments&post=37"}],"version-history":[{"count":8,"href":"https:\/\/www.orionconectividad.com\/wp_orion\/index.php?rest_route=\/wp\/v2\/pages\/37\/revisions"}],"predecessor-version":[{"id":136,"href":"https:\/\/www.orionconectividad.com\/wp_orion\/index.php?rest_route=\/wp\/v2\/pages\/37\/revisions\/136"}],"wp:attachment":[{"href":"https:\/\/www.orionconectividad.com\/wp_orion\/index.php?rest_route=%2Fwp%2Fv2%2Fmedia&parent=37"}],"curies":[{"name":"wp","href":"https:\/\/api.w.org\/{rel}","templated":true}]}}