{"id":36,"date":"2018-11-03T20:35:52","date_gmt":"2018-11-03T20:35:52","guid":{"rendered":"http:\/\/www.orionconectividad.com\/wp_orion\/?page_id=36"},"modified":"2018-11-06T17:11:27","modified_gmt":"2018-11-06T22:11:27","slug":"servicios","status":"publish","type":"page","link":"https:\/\/www.orionconectividad.com\/wp_orion\/?page_id=36","title":{"rendered":"Servicios"},"content":{"rendered":"<p><a href=\"http:\/\/www.orionconectividad.com\/wp_orion\/wp-content\/uploads\/2018\/11\/productos.png\"><img loading=\"lazy\" class=\"size-full wp-image-110 alignnone\" src=\"http:\/\/www.orionconectividad.com\/wp_orion\/wp-content\/uploads\/2018\/11\/productos.png\" alt=\"\" width=\"879\" height=\"483\" srcset=\"https:\/\/www.orionconectividad.com\/wp_orion\/wp-content\/uploads\/2018\/11\/productos.png 879w, https:\/\/www.orionconectividad.com\/wp_orion\/wp-content\/uploads\/2018\/11\/productos-300x165.png 300w, https:\/\/www.orionconectividad.com\/wp_orion\/wp-content\/uploads\/2018\/11\/productos-768x422.png 768w\" sizes=\"(max-width: 879px) 100vw, 879px\" \/><\/a><\/p>\n<p>&nbsp;<\/p>\n<table border=\"0\" width=\"100%\">\n<tbody>\n<tr>\n<td><strong>Performance Engineering<\/strong><br \/>\nAyudamos a nuestros clientes a evaluar, diagnosticar e integrar el alto rendimiento en sus aplicaciones, el desarrollo de aplicaciones y los procesos de pruebas.<\/td>\n<td><strong>Data Center Technology &amp; Operations<\/strong><br \/>\nAyudamos a las organizaciones a lograr el alto rendimiento mediante la transformaci\u00f3n de todos los aspectos de la infraestructura y las operaciones de los centros de datos.<\/td>\n<\/tr>\n<tr>\n<td width=\"50%\"><strong>Security Solutions<\/strong><br \/>\nAyudamos a nuestros clientes a proteger sus datos e identidades, as\u00ed como a desarrollar relaciones de confianza con sus clientes, ciudadanos y socios.<\/td>\n<td width=\"50%\"><strong>Enterprise Architecture<\/strong><br \/>\nDefinimos la visi\u00f3n, los principios, los est\u00e1ndares y el mapa de TI para guiar a las organizaciones en la selecci\u00f3n, implementaci\u00f3n, ejecuci\u00f3n y actualizaci\u00f3n de sus tecnolog\u00edas fundamentales.<\/td>\n<\/tr>\n<tr>\n<td width=\"50%\"><strong>Infrastructure Consulting<\/strong><br \/>\nAyudamos a nuestros clientes a pasar de una infraestructura compleja y costosa a una infraestructura rentable, altamente flexible y escalable.<\/td>\n<td width=\"50%\"><strong>Network Transformation<\/strong><br \/>\nTransformamos las infraestructuras de redes existentes para mejorar la rentabilidad, escalabilidad, flexibilidad, seguridad y confiabilidad.<\/td>\n<\/tr>\n<\/tbody>\n<\/table>\n","protected":false},"excerpt":{"rendered":"<p>&nbsp; Performance Engineering Ayudamos a nuestros clientes a evaluar, diagnosticar e integrar el alto rendimiento en sus aplicaciones, el desarrollo de aplicaciones y los procesos de pruebas. Data Center Technology &amp; Operations Ayudamos a las organizaciones a lograr el alto rendimiento mediante la transformaci\u00f3n de todos los aspectos de la infraestructura y las operaciones de los centros de datos. Security Solutions Ayudamos a nuestros clientes a proteger sus datos e identidades, as\u00ed como a desarrollar relaciones de confianza con sus&hellip;<\/p>\n","protected":false},"author":1,"featured_media":0,"parent":0,"menu_order":0,"comment_status":"closed","ping_status":"closed","template":"","meta":{"content-type":""},"_links":{"self":[{"href":"https:\/\/www.orionconectividad.com\/wp_orion\/index.php?rest_route=\/wp\/v2\/pages\/36"}],"collection":[{"href":"https:\/\/www.orionconectividad.com\/wp_orion\/index.php?rest_route=\/wp\/v2\/pages"}],"about":[{"href":"https:\/\/www.orionconectividad.com\/wp_orion\/index.php?rest_route=\/wp\/v2\/types\/page"}],"author":[{"embeddable":true,"href":"https:\/\/www.orionconectividad.com\/wp_orion\/index.php?rest_route=\/wp\/v2\/users\/1"}],"replies":[{"embeddable":true,"href":"https:\/\/www.orionconectividad.com\/wp_orion\/index.php?rest_route=%2Fwp%2Fv2%2Fcomments&post=36"}],"version-history":[{"count":7,"href":"https:\/\/www.orionconectividad.com\/wp_orion\/index.php?rest_route=\/wp\/v2\/pages\/36\/revisions"}],"predecessor-version":[{"id":155,"href":"https:\/\/www.orionconectividad.com\/wp_orion\/index.php?rest_route=\/wp\/v2\/pages\/36\/revisions\/155"}],"wp:attachment":[{"href":"https:\/\/www.orionconectividad.com\/wp_orion\/index.php?rest_route=%2Fwp%2Fv2%2Fmedia&parent=36"}],"curies":[{"name":"wp","href":"https:\/\/api.w.org\/{rel}","templated":true}]}}