{"id":2,"date":"2018-11-03T17:55:06","date_gmt":"2018-11-03T17:55:06","guid":{"rendered":"http:\/\/www.orionconectividad.com\/wp_orion\/?page_id=2"},"modified":"2018-11-06T18:45:59","modified_gmt":"2018-11-06T23:45:59","slug":"sample-page","status":"publish","type":"page","link":"https:\/\/www.orionconectividad.com\/wp_orion\/?page_id=2","title":{"rendered":"Cont\u00e1ctenos"},"content":{"rendered":"<table border=\"0\" width=\"87%\" align=\"center\">\n<tbody>\n<tr>\n<td style=\"text-align: center;\" bgcolor=\"#FFFFFF\" width=\"44%\" height=\"20\"><\/td>\n<td bgcolor=\"#FFFFFF\" width=\"44%\"><\/td>\n<\/tr>\n<tr>\n<td align=\"center\" bgcolor=\"#FFFFFF\" height=\"77\">VENTAS<\/p>\n<p><span style=\"color: #999999;\"><strong>Juan Pablo Naranjo S\u00e1enz<\/strong><br \/>\nCelular: +57-3112234709<strong><br \/>\n<a style=\"color: #999999;\" href=\"mailto:%20ceo@orionconectividad.com\">ceo@orionconectividad.com<\/a><\/strong><\/span><\/td>\n<td align=\"center\" bgcolor=\"#FFFFFF\">ADMINITRACI\u00d3N<\/p>\n<p><span style=\"color: #999999;\"><strong>Aura Ayde Su\u00e1rez P<\/strong><br \/>\nCelular: +57-3112769522<strong><br \/>\n<\/strong><\/span><strong><a href=\"mailto:%20cao@orionconectividad.com\"><span style=\"color: #999999;\">ayde@orionconectividad.com\u00a0<\/span><\/a><\/strong><\/td>\n<\/tr>\n<tr>\n<td colspan=\"3\" align=\"center\" valign=\"middle\"><strong>Ori\u00f3n Conectividad Group SAS<br \/>\n<\/strong><strong style=\"font-family: inherit; font-size: inherit;\"><a href=\"mailto:%20info@orionconectividad.com\">info<\/a><a href=\"mailto:%20info@orionconectividad.com\">@orionconectividad.com<\/a><br \/>\n<\/strong><strong style=\"font-family: inherit; font-size: inherit;\"><a href=\"http:\/\/www.orionconectividad.com\/wp_orion\/\">www.orionconectividad.com<\/a><br \/>\n<\/strong><strong style=\"font-family: inherit; font-size: inherit;\">Bogot\u00e1 &#8211; Colombia<\/strong><strong style=\"font-family: inherit; font-size: inherit;\"><br \/>\n<\/strong><\/td>\n<\/tr>\n<\/tbody>\n<\/table>\n","protected":false},"excerpt":{"rendered":"<p>VENTAS Juan Pablo Naranjo S\u00e1enz Celular: +57-3112234709 ceo@orionconectividad.com ADMINITRACI\u00d3N Aura Ayde Su\u00e1rez P Celular: +57-3112769522 ayde@orionconectividad.com\u00a0 Ori\u00f3n Conectividad Group SAS info@orionconectividad.com www.orionconectividad.com Bogot\u00e1 &#8211; Colombia<\/p>\n","protected":false},"author":1,"featured_media":0,"parent":0,"menu_order":0,"comment_status":"closed","ping_status":"open","template":"","meta":{"content-type":""},"_links":{"self":[{"href":"https:\/\/www.orionconectividad.com\/wp_orion\/index.php?rest_route=\/wp\/v2\/pages\/2"}],"collection":[{"href":"https:\/\/www.orionconectividad.com\/wp_orion\/index.php?rest_route=\/wp\/v2\/pages"}],"about":[{"href":"https:\/\/www.orionconectividad.com\/wp_orion\/index.php?rest_route=\/wp\/v2\/types\/page"}],"author":[{"embeddable":true,"href":"https:\/\/www.orionconectividad.com\/wp_orion\/index.php?rest_route=\/wp\/v2\/users\/1"}],"replies":[{"embeddable":true,"href":"https:\/\/www.orionconectividad.com\/wp_orion\/index.php?rest_route=%2Fwp%2Fv2%2Fcomments&post=2"}],"version-history":[{"count":6,"href":"https:\/\/www.orionconectividad.com\/wp_orion\/index.php?rest_route=\/wp\/v2\/pages\/2\/revisions"}],"predecessor-version":[{"id":176,"href":"https:\/\/www.orionconectividad.com\/wp_orion\/index.php?rest_route=\/wp\/v2\/pages\/2\/revisions\/176"}],"wp:attachment":[{"href":"https:\/\/www.orionconectividad.com\/wp_orion\/index.php?rest_route=%2Fwp%2Fv2%2Fmedia&parent=2"}],"curies":[{"name":"wp","href":"https:\/\/api.w.org\/{rel}","templated":true}]}}